{"id":1220,"date":"2023-03-14T04:25:54","date_gmt":"2023-03-14T04:25:54","guid":{"rendered":"https:\/\/shtheme.com\/demosd\/archsan\/?page_id=1220"},"modified":"2025-08-04T21:12:59","modified_gmt":"2025-08-04T21:12:59","slug":"about-dark-2","status":"publish","type":"page","link":"https:\/\/innovarq.com.ar\/en\/about-dark-2\/","title":{"rendered":"About Dark 2"},"content":{"rendered":"<div data-elementor-type=\"wp-page\" data-elementor-id=\"1220\" class=\"elementor elementor-1220\">\n\t\t\t\t\t\t<section class=\"elementor-section elementor-top-section elementor-element elementor-element-ab153a3 elementor-section-full_width elementor-section-height-default elementor-section-height-default\" data-id=\"ab153a3\" data-element_type=\"section\">\n\t\t\t\t\t\t<div class=\"elementor-container elementor-column-gap-no\">\n\t\t\t\t\t<div class=\"elementor-column elementor-col-100 elementor-top-column elementor-element elementor-element-46a6f2e\" data-id=\"46a6f2e\" data-element_type=\"column\">\n\t\t\t<div class=\"elementor-widget-wrap elementor-element-populated\">\n\t\t\t\t\t\t<div class=\"elementor-element elementor-element-62af911 elementor-align-left elementor-widget elementor-widget-bdevs-banner\" data-id=\"62af911\" data-element_type=\"widget\" data-widget_type=\"bdevs-banner.default\">\n\t\t\t\t<div class=\"elementor-widget-container\">\n\t\t\t\t\t\t\t<div class=\"banner-header valign bg-img bg-fixed\" data-overlay-dark=\"4\" data-background=\"https:\/\/innovarq.com.ar\/wp-content\/uploads\/2025\/08\/2.webp\">\n            <div class=\"container\">\n                <div class=\"row\">\n                    <div class=\"col-md-12 caption mt-60\">\n                    \t                        <div class=\"subtitle\">Sobre iNNOVARQ<\/div>\n                    \t\n                                                <div class=\"title\">Visualizaci\u00f3n <span>arquitect\u00f3nica profesional<\/span><\/div>\n                                            <\/div>\n                <\/div>\n            <\/div>\n        <\/div>\n\t\t\t\t\t<\/div>\n\t\t\t\t<\/div>\n\t\t\t\t\t<\/div>\n\t\t<\/div>\n\t\t\t\t\t<\/div>\n\t\t<\/section>\n\t\t\t\t<section class=\"elementor-section elementor-top-section elementor-element elementor-element-2eaa85a elementor-section-full_width elementor-section-height-default elementor-section-height-default\" data-id=\"2eaa85a\" data-element_type=\"section\">\n\t\t\t\t\t\t<div class=\"elementor-container elementor-column-gap-no\">\n\t\t\t\t\t<div class=\"elementor-column elementor-col-100 elementor-top-column elementor-element elementor-element-ad0c8e9\" data-id=\"ad0c8e9\" data-element_type=\"column\">\n\t\t\t<div class=\"elementor-widget-wrap\">\n\t\t\t\t\t\t\t<\/div>\n\t\t<\/div>\n\t\t\t\t\t<\/div>\n\t\t<\/section>\n\t\t\t\t<section class=\"elementor-section elementor-top-section elementor-element elementor-element-a4b4620 elementor-section-full_width elementor-section-height-default elementor-section-height-default\" data-id=\"a4b4620\" data-element_type=\"section\">\n\t\t\t\t\t\t<div class=\"elementor-container elementor-column-gap-no\">\n\t\t\t\t\t<div class=\"elementor-column elementor-col-100 elementor-top-column elementor-element elementor-element-f21856c\" data-id=\"f21856c\" data-element_type=\"column\">\n\t\t\t<div class=\"elementor-widget-wrap elementor-element-populated\">\n\t\t\t\t\t\t<div class=\"elementor-element elementor-element-4240b78 elementor-align-left elementor-widget elementor-widget-bdevs-about\" data-id=\"4240b78\" data-element_type=\"widget\" data-widget_type=\"bdevs-about.default\">\n\t\t\t\t<div class=\"elementor-widget-container\">\n\t\t\t\t\t\t\t        <section class=\"about section-padding\">\r\n            <div class=\"container\">\r\n                <div class=\"row\">\r\n                \t                    <div class=\"col-md-4 mb-30 animate-box\" data-animate-effect=\"fadeInUp\">\r\n                        <div class=\"sub-title border-bot-light\">Estudio<\/div>\r\n                    <\/div>\r\n                \t                    <div class=\"col-md-4 animate-box\" data-animate-effect=\"fadeInUp\">\r\n                                                <div class=\"section-title\">Im\u00e1genes <span>que transforman la forma de comunicar arquitectura<\/span><\/div>\r\n                       \t\r\n                                                <p>En iNNOVARQ ayudamos a arquitectos, inmobiliarias, desarrolladoras y constructoras a visualizar sus proyectos con claridad, precisi\u00f3n y alto impacto visual.<\/p>\n                        <p>Nuestros renders, animaciones, recorridos virtuales y modelos 3D no son solo representaciones: son herramientas estrat\u00e9gicas para comunicar, presentar y vender mejor.<\/p>\n<p>Trabajamos con una mirada t\u00e9cnica, est\u00e9tica y funcional, adapt\u00e1ndonos a cada cliente y cada escala, con entregas organizadas, detalladas y profesionalmente resueltas.<\/p>                                                <div class=\"states\">\r\n                            <ul class=\"flex\">\r\n                                <li class=\"flex\">\r\n                                    <div class=\"numb valign\">\r\n                                        <h1>+7<\/h1>\r\n                                    <\/div>\r\n                                    <div class=\"text valign\">\r\n                                        <p>A\u00f1os\n <br> de visualizaci\u00f3n arquitect\u00f3nica                                        <\/p>\r\n                                    <\/div>\r\n                                <\/li>\r\n                            <\/ul>\r\n                        <\/div>\r\n                    <\/div>\r\n                    <div class=\"col-md-4 animate-box\" data-animate-effect=\"fadeInUp\">\r\n                    \t                        <div class=\"wrap\">\r\n                            <div class=\"con\"> <img decoding=\"async\" src=\"https:\/\/innovarq.com.ar\/wp-content\/uploads\/2025\/08\/6.webp\" class=\"img-fluid\" alt=\"\">\r\n                                <div class=\"info\">\r\n                                    <h4 class=\"name\">Dise\u00f1o en detalle<\/h4>\r\n                                <\/div>\r\n                            <\/div>\r\n                        <\/div>\r\n                                                <div class=\"wrap\">\r\n                            <div class=\"con\"> <img decoding=\"async\" src=\"https:\/\/innovarq.com.ar\/wp-content\/uploads\/2025\/08\/5.webp\" class=\"img-fluid\" alt=\"\">\r\n                                <div class=\"info\">\r\n                                    <h4 class=\"name\">Espacios Reales<\/h4>\r\n                                <\/div>\r\n                            <\/div>\r\n                        <\/div>\r\n                                            <\/div>\r\n                <\/div>\r\n                                <div class=\"row\">\r\n                    <div class=\"col-md-8 offset-md-4 mt-5 animate-box\" data-animate-effect=\"fadeInUp\">\r\n                        <div class=\"row\">\r\n                            <div class=\"col-md-12 skills\">\r\n                            \t                                <div class=\"skill-item\">\r\n                                    <h6>Visualizaci\u00f3n Arquitect\u00f3nica   <i>(99%)<\/i><\/h6>\r\n                                    <div class=\"skill-progress\">\r\n                                        <div class=\"progres\" data-value=\"99%\"><\/div>\r\n                                    <\/div>\r\n                                <\/div>\r\n                            \t                                <div class=\"skill-item\">\r\n                                    <h6>Modelado 3D profesional   <i>(95%)<\/i><\/h6>\r\n                                    <div class=\"skill-progress\">\r\n                                        <div class=\"progres\" data-value=\"95%\"><\/div>\r\n                                    <\/div>\r\n                                <\/div>\r\n                            \t                                <div class=\"skill-item\">\r\n                                    <h6>Comunicaci\u00f3n visual efectiva   <i>(90%)<\/i><\/h6>\r\n                                    <div class=\"skill-progress\">\r\n                                        <div class=\"progres\" data-value=\"90%\"><\/div>\r\n                                    <\/div>\r\n                                <\/div>\r\n                            \t                                <div class=\"skill-item\">\r\n                                    <h6>Cumplimiento de entregas   <i>(100%)<\/i><\/h6>\r\n                                    <div class=\"skill-progress\">\r\n                                        <div class=\"progres\" data-value=\"100%\"><\/div>\r\n                                    <\/div>\r\n                                <\/div>\r\n                            \t                            <\/div>\r\n                        <\/div>\r\n                    <\/div>\r\n                <\/div>\r\n            \t            <\/div>\r\n        <\/section>\r\n        \t\t\t\t\t<\/div>\n\t\t\t\t<\/div>\n\t\t\t\t<div class=\"elementor-element elementor-element-e1d4416 elementor-hidden-desktop elementor-hidden-tablet elementor-hidden-mobile elementor-align-left elementor-widget elementor-widget-bdevs-team\" data-id=\"e1d4416\" data-element_type=\"widget\" data-widget_type=\"bdevs-team.default\">\n\t\t\t\t<div class=\"elementor-widget-container\">\n\t\t\t\t\t\n\t   \t<section class=\"team section-padding\">\n            <div class=\"container\">\n                <div class=\"row mb-4\">\n                \t                    <div class=\"col-md-4\">\n                        <div class=\"sub-title border-bot-light\">Creative Thinkers<\/div>\n                    <\/div>\n                \t                    <div class=\"col-md-8\">\n                    \t                        <div class=\"section-title\">Team <span>Members<\/span><\/div>\n                        \n                                                <p>Architecture viverra tristique justo duis vitae diaminte neque nivamus aestan ateuene artines ariianu the ateliten finibus viverra nec lacus in the nedana mis erodino.<\/p>\n                                            <\/div>\n                <\/div>\n                <div class=\"row\">\n                    <div class=\"col-md-12 owl-carousel owl-theme\">\n                    \t                        <div class=\"wrap\">\n                            <div class=\"con\"> <img decoding=\"async\" src=\"https:\/\/shtheme.com\/demosd\/archsan\/wp-content\/uploads\/2023\/03\/1.jpg\" class=\"img-fluid\" alt=\"\">\n                                <div class=\"info\">\n                                    <h4 class=\"name\">Martin Dan<\/h4>\n                                <\/div>\n                            <\/div>\n                            <ul class=\"social\">\n                            \t                                <li><a href=\"https:\/\/facebook.com\/\"><i class=\"ti-facebook\"><\/i><\/a><\/li>\n                                \n                                                                <li><a href=\"https:\/\/twitter.com\/\"><i class=\"ti-twitter\"><\/i><\/a><\/li>\n                                \n                                                                <li><a href=\"https:\/\/instagram.com\/\"><i class=\"ti-instagram\"><\/i><\/a><\/li>\n                                \n                                                                <li><a href=\"https:\/\/linkedin.com\/\"><i class=\"ti-linkedin\"><\/i><\/a><\/li>\n                                                            <\/ul>\n                            <p>dipl. Arch ETH\/SIA<\/p>\n                        <\/div>\n                    \t                        <div class=\"wrap\">\n                            <div class=\"con\"> <img decoding=\"async\" src=\"https:\/\/shtheme.com\/demosd\/archsan\/wp-content\/uploads\/2023\/03\/2.jpg\" class=\"img-fluid\" alt=\"\">\n                                <div class=\"info\">\n                                    <h4 class=\"name\">Olivia Brown<\/h4>\n                                <\/div>\n                            <\/div>\n                            <ul class=\"social\">\n                            \t                                <li><a href=\"https:\/\/facebook.com\/\"><i class=\"ti-facebook\"><\/i><\/a><\/li>\n                                \n                                                                <li><a href=\"https:\/\/twitter.com\/\"><i class=\"ti-twitter\"><\/i><\/a><\/li>\n                                \n                                                                <li><a href=\"https:\/\/instagram.com\/\"><i class=\"ti-instagram\"><\/i><\/a><\/li>\n                                \n                                                                <li><a href=\"https:\/\/linkedin.com\/\"><i class=\"ti-linkedin\"><\/i><\/a><\/li>\n                                                            <\/ul>\n                            <p>M.A. FH in Architecture<\/p>\n                        <\/div>\n                    \t                    <\/div>\n                <\/div>\n            <\/div>\n        <\/section>\n  \n\t\t\t\t\t<\/div>\n\t\t\t\t<\/div>\n\t\t\t\t\t<\/div>\n\t\t<\/div>\n\t\t\t\t\t<\/div>\n\t\t<\/section>\n\t\t\t\t<section class=\"elementor-section elementor-top-section elementor-element elementor-element-24d7e35 elementor-section-full_width elementor-section-height-default elementor-section-height-default\" data-id=\"24d7e35\" data-element_type=\"section\">\n\t\t\t\t\t\t<div class=\"elementor-container elementor-column-gap-no\">\n\t\t\t\t\t<div class=\"elementor-column elementor-col-100 elementor-top-column elementor-element elementor-element-24f9707\" data-id=\"24f9707\" data-element_type=\"column\">\n\t\t\t<div class=\"elementor-widget-wrap elementor-element-populated\">\n\t\t\t\t\t\t<div class=\"elementor-element elementor-element-c4f052c elementor-align-left elementor-widget elementor-widget-bdevs-cta\" data-id=\"c4f052c\" data-element_type=\"widget\" data-widget_type=\"bdevs-cta.default\">\n\t\t\t\t<div class=\"elementor-widget-container\">\n\t\t\t\t\t\t\t<section class=\"lets-talk\">\n\t        <div class=\"background bg-img bg-fixed section-padding\" data-background=\"https:\/\/innovarq.com.ar\/wp-content\/uploads\/2025\/08\/1.webp\" data-overlay-dark=\"6\">\n\t            <div class=\"container\">\n\t                <div class=\"row\">\n\t                \t\t                    <div class=\"col-md-4 mb-30\">\n\t                        <div class=\"sub-title border-bot-dark\">Contactanos<\/div>\n\t                    <\/div>\n\t                \t\t                    <div class=\"col-md-8\">\n\t                    \t\t                        <div class=\"section-title\">Queremos ayudarte a visualizar tu pr\u00f3ximo proyecto<\/div>\n\t                        \t                        <p>Rellen\u00e1 el tus datos y nos comunicamos en menos de 24 horas.<\/p>\n\t                        \n<div class=\"wpcf7 no-js\" id=\"wpcf7-f8-o1\" lang=\"en-US\" dir=\"ltr\" data-wpcf7-id=\"8\">\n<div class=\"screen-reader-response\"><p role=\"status\" aria-live=\"polite\" aria-atomic=\"true\"><\/p> <ul><\/ul><\/div>\n<form action=\"\/en\/wp-json\/wp\/v2\/pages\/1220#wpcf7-f8-o1\" method=\"post\" class=\"wpcf7-form init\" aria-label=\"Contact form\" novalidate=\"novalidate\" data-status=\"init\" data-trp-original-action=\"\/en\/wp-json\/wp\/v2\/pages\/1220#wpcf7-f8-o1\">\n<fieldset class=\"hidden-fields-container\"><input type=\"hidden\" name=\"_wpcf7\" value=\"8\" \/><input type=\"hidden\" name=\"_wpcf7_version\" value=\"6.1\" \/><input type=\"hidden\" name=\"_wpcf7_locale\" value=\"en_US\" \/><input type=\"hidden\" name=\"_wpcf7_unit_tag\" value=\"wpcf7-f8-o1\" \/><input type=\"hidden\" name=\"_wpcf7_container_post\" value=\"0\" \/><input type=\"hidden\" name=\"_wpcf7_posted_data_hash\" value=\"\" \/>\n<\/fieldset>\n<div class=\"contact__form\">\n\t<div class=\"row\">\n\t\t<div class=\"col-md-6 form-group\">\n\t\t\t<p><span class=\"wpcf7-form-control-wrap\" data-name=\"your-name\"><input size=\"40\" maxlength=\"400\" class=\"wpcf7-form-control wpcf7-text wpcf7-validates-as-required line-gray\" aria-required=\"true\" aria-invalid=\"false\" placeholder=\"Nombre completo *\" value=\"\" type=\"text\" name=\"your-name\" \/><\/span>\n\t\t\t<\/p>\n\t\t<\/div>\n\t\t<div class=\"col-md-3 form-group\">\n\t\t\t<p><span class=\"wpcf7-form-control-wrap\" data-name=\"your-phone\"><input size=\"40\" maxlength=\"400\" class=\"wpcf7-form-control wpcf7-tel wpcf7-validates-as-required wpcf7-text wpcf7-validates-as-tel line-gray\" aria-required=\"true\" aria-invalid=\"false\" placeholder=\"Celular *\" value=\"\" type=\"tel\" name=\"your-phone\" \/><\/span>\n\t\t\t<\/p>\n\t\t<\/div>\n\t\t<div class=\"col-md-2\">\n\t\t\t<p><input class=\"wpcf7-form-control wpcf7-submit has-spinner line-gray\" type=\"submit\" value=\"Enviar\" \/>\n\t\t\t<\/p>\n\t\t<\/div>\n\t<\/div>\n\t<div class=\"row\">\n\t\t<div class=\"col-md-12 mt-3\">\n\t\t\t<p><span class=\"wpcf7-form-control-wrap\" data-name=\"privacy-policy\"><span class=\"wpcf7-form-control wpcf7-acceptance\"><span class=\"wpcf7-list-item\"><label><input type=\"checkbox\" name=\"privacy-policy\" value=\"1\" class=\"line-gray\" aria-invalid=\"false\" \/><span class=\"wpcf7-list-item-label\">I agree with the <a href=\"#0\" class=\"underline line-gray\">privacy policy<\/a><\/span><\/label><\/span><\/span><\/span>\n\t\t\t<\/p>\n\t\t<\/div>\n\t<\/div>\n<\/div><div class=\"wpcf7-response-output\" aria-hidden=\"true\"><\/div>\n<input type=\"hidden\" name=\"trp-form-language\" value=\"en\"\/><\/form>\n<\/div>\n\t                    <\/div>\n\t                <\/div>\n\t            <\/div>\n\t        <\/div>\n        <\/section>\n  \n\t\t\t\t\t<\/div>\n\t\t\t\t<\/div>\n\t\t\t\t\t<\/div>\n\t\t<\/div>\n\t\t\t\t\t<\/div>\n\t\t<\/section>\n\t\t\t\t<\/div>","protected":false},"excerpt":{"rendered":"<p>Sobre iNNOVARQ Visualizaci\u00f3n arquitect\u00f3nica profesional Estudio Im\u00e1genes que transforman la forma de comunicar arquitectura En iNNOVARQ ayudamos a arquitectos, inmobiliarias, desarrolladoras y constructoras a visualizar sus proyectos con claridad, precisi\u00f3n y alto impacto visual. Nuestros renders, animaciones, recorridos virtuales y modelos 3D no son solo representaciones: son herramientas estrat\u00e9gicas para comunicar, presentar y vender mejor. [&hellip;]<\/p>","protected":false},"author":2,"featured_media":0,"parent":0,"menu_order":0,"comment_status":"closed","ping_status":"closed","template":"page-templates\/home-dark-2.php","meta":{"_joinchat":[],"footnotes":""},"class_list":["post-1220","page","type-page","status-publish","hentry"],"_links":{"self":[{"href":"https:\/\/innovarq.com.ar\/en\/wp-json\/wp\/v2\/pages\/1220","targetHints":{"allow":["GET"]}}],"collection":[{"href":"https:\/\/innovarq.com.ar\/en\/wp-json\/wp\/v2\/pages"}],"about":[{"href":"https:\/\/innovarq.com.ar\/en\/wp-json\/wp\/v2\/types\/page"}],"author":[{"embeddable":true,"href":"https:\/\/innovarq.com.ar\/en\/wp-json\/wp\/v2\/users\/2"}],"replies":[{"embeddable":true,"href":"https:\/\/innovarq.com.ar\/en\/wp-json\/wp\/v2\/comments?post=1220"}],"version-history":[{"count":22,"href":"https:\/\/innovarq.com.ar\/en\/wp-json\/wp\/v2\/pages\/1220\/revisions"}],"predecessor-version":[{"id":2349,"href":"https:\/\/innovarq.com.ar\/en\/wp-json\/wp\/v2\/pages\/1220\/revisions\/2349"}],"wp:attachment":[{"href":"https:\/\/innovarq.com.ar\/en\/wp-json\/wp\/v2\/media?parent=1220"}],"curies":[{"name":"wp","href":"https:\/\/api.w.org\/{rel}","templated":true}]}}