{"id":1279,"date":"2023-03-14T07:58:03","date_gmt":"2023-03-14T07:58:03","guid":{"rendered":"https:\/\/shtheme.com\/demosd\/archsan\/?page_id=1279"},"modified":"2025-08-21T16:15:06","modified_gmt":"2025-08-21T16:15:06","slug":"services-dark-2","status":"publish","type":"page","link":"https:\/\/innovarq.com.ar\/en\/services-dark-2\/","title":{"rendered":"Services Dark 2"},"content":{"rendered":"<div data-elementor-type=\"wp-page\" data-elementor-id=\"1279\" class=\"elementor elementor-1279\">\n\t\t\t\t\t\t<section class=\"elementor-section elementor-top-section elementor-element elementor-element-4b0ccee elementor-section-full_width elementor-section-height-default elementor-section-height-default\" data-id=\"4b0ccee\" data-element_type=\"section\">\n\t\t\t\t\t\t<div class=\"elementor-container elementor-column-gap-no\">\n\t\t\t\t\t<div class=\"elementor-column elementor-col-100 elementor-top-column elementor-element elementor-element-566c689\" data-id=\"566c689\" data-element_type=\"column\">\n\t\t\t<div class=\"elementor-widget-wrap elementor-element-populated\">\n\t\t\t\t\t\t<div class=\"elementor-element elementor-element-f04f31d elementor-align-left elementor-widget elementor-widget-bdevs-banner\" data-id=\"f04f31d\" data-element_type=\"widget\" data-widget_type=\"bdevs-banner.default\">\n\t\t\t\t<div class=\"elementor-widget-container\">\n\t\t\t\t\t\t\t<div class=\"banner-header valign bg-img bg-fixed\" data-overlay-dark=\"4\" data-background=\"https:\/\/innovarq.com.ar\/wp-content\/uploads\/2025\/08\/3.webp\">\n            <div class=\"container\">\n                <div class=\"row\">\n                    <div class=\"col-md-12 caption mt-60\">\n                    \t                        <div class=\"subtitle\">LO QUE HACEMOS<\/div>\n                    \t\n                                                <div class=\"title\">Visualizamos tus ideas arquitect\u00f3nicas\n<\/div>\n                                            <\/div>\n                <\/div>\n            <\/div>\n        <\/div>\n\t\t\t\t\t<\/div>\n\t\t\t\t<\/div>\n\t\t\t\t\t<\/div>\n\t\t<\/div>\n\t\t\t\t\t<\/div>\n\t\t<\/section>\n\t\t\t\t<section class=\"elementor-section elementor-top-section elementor-element elementor-element-27b2dc4 elementor-section-full_width elementor-section-height-default elementor-section-height-default\" data-id=\"27b2dc4\" data-element_type=\"section\">\n\t\t\t\t\t\t<div class=\"elementor-container elementor-column-gap-no\">\n\t\t\t\t\t<div class=\"elementor-column elementor-col-100 elementor-top-column elementor-element elementor-element-48c3528\" data-id=\"48c3528\" data-element_type=\"column\">\n\t\t\t<div class=\"elementor-widget-wrap elementor-element-populated\">\n\t\t\t\t\t\t<div class=\"elementor-element elementor-element-c271655 elementor-align-left elementor-widget elementor-widget-bdevs-Services\" data-id=\"c271655\" data-element_type=\"widget\" data-widget_type=\"bdevs-Services.default\">\n\t\t\t\t<div class=\"elementor-widget-container\">\n\t\t\t\t\t\t\t        <section class=\"services section-padding\">\n            <div class=\"container\">\n                <div class=\"row\">\n                                        <div class=\"col-md-4 mb-5 animate-box\" data-animate-effect=\"fadeInUp\">\n                        <div class=\"item\" style=\"background-image: url(https:\/\/innovarq.com.ar\/wp-content\/uploads\/2022\/12\/6.jpg);\">\n                            <div class=\"con\">\n                                <a href=\"\">\n\t                                <div class=\"numb\">01<\/div>\n\t                                <h5>Render Arquitect\u00f3nico<\/h5>\n\t                                <p>Visuales impactantes de interiores y exteriores que elevan la calidad de tu presentaci\u00f3n.<\/p>\n                                <\/a>\n                            <\/div>\n                        <\/div>\n                    <\/div>\n                \t                    <div class=\"col-md-4 mb-5 animate-box\" data-animate-effect=\"fadeInUp\">\n                        <div class=\"item\" style=\"background-image: url(https:\/\/innovarq.com.ar\/wp-content\/uploads\/2025\/08\/Servicios_ToursVirtuales.webp);\">\n                            <div class=\"con\">\n                                <a href=\"\">\n\t                                <div class=\"numb\">02<\/div>\n\t                                <h5>Tour Virtual 360\u00b0<\/h5>\n\t                                <p>Exploraci\u00f3n interactiva que conecta al cliente con tu espacio desde cualquier lugar.<\/p>\n                                <\/a>\n                            <\/div>\n                        <\/div>\n                    <\/div>\n                \t                    <div class=\"col-md-4 mb-5 animate-box\" data-animate-effect=\"fadeInUp\">\n                        <div class=\"item\" style=\"background-image: url(https:\/\/innovarq.com.ar\/wp-content\/uploads\/2023\/03\/7.jpg);\">\n                            <div class=\"con\">\n                                <a href=\"\">\n\t                                <div class=\"numb\">03<\/div>\n\t                                <h5>Animaci\u00f3n 3D<\/h5>\n\t                                <p>Recorre y emociona. Animaciones que dan vida a tus ideas en segundos.<\/p>\n                                <\/a>\n                            <\/div>\n                        <\/div>\n                    <\/div>\n                \t                <\/div>\n            <\/div>\n        <\/section>\n        \n\n\t\t\t\t\t<\/div>\n\t\t\t\t<\/div>\n\t\t\t\t\t<\/div>\n\t\t<\/div>\n\t\t\t\t\t<\/div>\n\t\t<\/section>\n\t\t\t\t<section class=\"elementor-section elementor-top-section elementor-element elementor-element-558ba06 elementor-section-full_width elementor-section-height-default elementor-section-height-default\" data-id=\"558ba06\" data-element_type=\"section\">\n\t\t\t\t\t\t<div class=\"elementor-container elementor-column-gap-no\">\n\t\t\t\t\t<div class=\"elementor-column elementor-col-100 elementor-top-column elementor-element elementor-element-e73d854\" data-id=\"e73d854\" data-element_type=\"column\">\n\t\t\t<div class=\"elementor-widget-wrap elementor-element-populated\">\n\t\t\t\t\t\t<div class=\"elementor-element elementor-element-9ed42da elementor-align-left elementor-widget elementor-widget-bdevs-cta\" data-id=\"9ed42da\" data-element_type=\"widget\" data-widget_type=\"bdevs-cta.default\">\n\t\t\t\t<div class=\"elementor-widget-container\">\n\t\t\t\t\t\t\t<section class=\"lets-talk\">\n\t        <div class=\"background bg-img bg-fixed section-padding\" data-background=\"https:\/\/innovarq.com.ar\/wp-content\/uploads\/2025\/08\/4.webp\" data-overlay-dark=\"6\">\n\t            <div class=\"container\">\n\t                <div class=\"row\">\n\t                \t\t                    <div class=\"col-md-4 mb-30\">\n\t                        <div class=\"sub-title border-bot-dark\">Contactanos<\/div>\n\t                    <\/div>\n\t                \t\t                    <div class=\"col-md-8\">\n\t                    \t\t                        <div class=\"section-title\">Queremos ayudarte a visualizar tu pr\u00f3ximo proyecto<\/div>\n\t                        \t                        <p>Rellen\u00e1 el tus datos y nos comunicamos en menos de 24 horas.<\/p>\n\t                        \n<div class=\"wpcf7 no-js\" id=\"wpcf7-f8-o1\" lang=\"en-US\" dir=\"ltr\" data-wpcf7-id=\"8\">\n<div class=\"screen-reader-response\"><p role=\"status\" aria-live=\"polite\" aria-atomic=\"true\"><\/p> <ul><\/ul><\/div>\n<form action=\"\/en\/wp-json\/wp\/v2\/pages\/1279#wpcf7-f8-o1\" method=\"post\" class=\"wpcf7-form init\" aria-label=\"Contact form\" novalidate=\"novalidate\" data-status=\"init\" data-trp-original-action=\"\/en\/wp-json\/wp\/v2\/pages\/1279#wpcf7-f8-o1\">\n<fieldset class=\"hidden-fields-container\"><input type=\"hidden\" name=\"_wpcf7\" value=\"8\" \/><input type=\"hidden\" name=\"_wpcf7_version\" value=\"6.1\" \/><input type=\"hidden\" name=\"_wpcf7_locale\" value=\"en_US\" \/><input type=\"hidden\" name=\"_wpcf7_unit_tag\" value=\"wpcf7-f8-o1\" \/><input type=\"hidden\" name=\"_wpcf7_container_post\" value=\"0\" \/><input type=\"hidden\" name=\"_wpcf7_posted_data_hash\" value=\"\" \/>\n<\/fieldset>\n<div class=\"contact__form\">\n\t<div class=\"row\">\n\t\t<div class=\"col-md-6 form-group\">\n\t\t\t<p><span class=\"wpcf7-form-control-wrap\" data-name=\"your-name\"><input size=\"40\" maxlength=\"400\" class=\"wpcf7-form-control wpcf7-text wpcf7-validates-as-required line-gray\" aria-required=\"true\" aria-invalid=\"false\" placeholder=\"Nombre completo *\" value=\"\" type=\"text\" name=\"your-name\" \/><\/span>\n\t\t\t<\/p>\n\t\t<\/div>\n\t\t<div class=\"col-md-3 form-group\">\n\t\t\t<p><span class=\"wpcf7-form-control-wrap\" data-name=\"your-phone\"><input size=\"40\" maxlength=\"400\" class=\"wpcf7-form-control wpcf7-tel wpcf7-validates-as-required wpcf7-text wpcf7-validates-as-tel line-gray\" aria-required=\"true\" aria-invalid=\"false\" placeholder=\"Celular *\" value=\"\" type=\"tel\" name=\"your-phone\" \/><\/span>\n\t\t\t<\/p>\n\t\t<\/div>\n\t\t<div class=\"col-md-2\">\n\t\t\t<p><input class=\"wpcf7-form-control wpcf7-submit has-spinner line-gray\" type=\"submit\" value=\"Enviar\" \/>\n\t\t\t<\/p>\n\t\t<\/div>\n\t<\/div>\n\t<div class=\"row\">\n\t\t<div class=\"col-md-12 mt-3\">\n\t\t\t<p><span class=\"wpcf7-form-control-wrap\" data-name=\"privacy-policy\"><span class=\"wpcf7-form-control wpcf7-acceptance\"><span class=\"wpcf7-list-item\"><label><input type=\"checkbox\" name=\"privacy-policy\" value=\"1\" class=\"line-gray\" aria-invalid=\"false\" \/><span class=\"wpcf7-list-item-label\">I agree with the <a href=\"#0\" class=\"underline line-gray\">privacy policy<\/a><\/span><\/label><\/span><\/span><\/span>\n\t\t\t<\/p>\n\t\t<\/div>\n\t<\/div>\n<\/div><div class=\"wpcf7-response-output\" aria-hidden=\"true\"><\/div>\n<input type=\"hidden\" name=\"trp-form-language\" value=\"en\"\/><\/form>\n<\/div>\n\t                    <\/div>\n\t                <\/div>\n\t            <\/div>\n\t        <\/div>\n        <\/section>\n  \n\t\t\t\t\t<\/div>\n\t\t\t\t<\/div>\n\t\t\t\t\t<\/div>\n\t\t<\/div>\n\t\t\t\t\t<\/div>\n\t\t<\/section>\n\t\t\t\t<\/div>","protected":false},"excerpt":{"rendered":"<p>LO QUE HACEMOS Visualizamos tus ideas arquitect\u00f3nicas 01 Render Arquitect\u00f3nico Visuales impactantes de interiores y exteriores que elevan la calidad de tu presentaci\u00f3n. 02 Tour Virtual 360\u00b0 Exploraci\u00f3n interactiva que conecta al cliente con tu espacio desde cualquier lugar. 03 Animaci\u00f3n 3D Recorre y emociona. Animaciones que dan vida a tus ideas en segundos. Contactanos [&hellip;]<\/p>","protected":false},"author":2,"featured_media":0,"parent":0,"menu_order":0,"comment_status":"closed","ping_status":"closed","template":"page-templates\/home-dark-2.php","meta":{"_joinchat":[],"footnotes":""},"class_list":["post-1279","page","type-page","status-publish","hentry"],"_links":{"self":[{"href":"https:\/\/innovarq.com.ar\/en\/wp-json\/wp\/v2\/pages\/1279","targetHints":{"allow":["GET"]}}],"collection":[{"href":"https:\/\/innovarq.com.ar\/en\/wp-json\/wp\/v2\/pages"}],"about":[{"href":"https:\/\/innovarq.com.ar\/en\/wp-json\/wp\/v2\/types\/page"}],"author":[{"embeddable":true,"href":"https:\/\/innovarq.com.ar\/en\/wp-json\/wp\/v2\/users\/2"}],"replies":[{"embeddable":true,"href":"https:\/\/innovarq.com.ar\/en\/wp-json\/wp\/v2\/comments?post=1279"}],"version-history":[{"count":15,"href":"https:\/\/innovarq.com.ar\/en\/wp-json\/wp\/v2\/pages\/1279\/revisions"}],"predecessor-version":[{"id":2445,"href":"https:\/\/innovarq.com.ar\/en\/wp-json\/wp\/v2\/pages\/1279\/revisions\/2445"}],"wp:attachment":[{"href":"https:\/\/innovarq.com.ar\/en\/wp-json\/wp\/v2\/media?parent=1279"}],"curies":[{"name":"wp","href":"https:\/\/api.w.org\/{rel}","templated":true}]}}