{"id":64,"date":"2022-12-21T04:13:31","date_gmt":"2022-12-21T04:13:31","guid":{"rendered":"https:\/\/shtheme.com\/demosd\/archsan\/?page_id=64"},"modified":"2025-08-05T19:41:15","modified_gmt":"2025-08-05T19:41:15","slug":"faq-light","status":"publish","type":"page","link":"https:\/\/innovarq.com.ar\/en\/faq-light\/","title":{"rendered":"FAQ Light"},"content":{"rendered":"<div data-elementor-type=\"wp-page\" data-elementor-id=\"64\" class=\"elementor elementor-64\">\n\t\t\t\t\t\t<section class=\"elementor-section elementor-top-section elementor-element elementor-element-b7327be elementor-section-full_width elementor-section-height-default elementor-section-height-default\" data-id=\"b7327be\" data-element_type=\"section\">\n\t\t\t\t\t\t<div class=\"elementor-container elementor-column-gap-no\">\n\t\t\t\t\t<div class=\"elementor-column elementor-col-100 elementor-top-column elementor-element elementor-element-99c3f07\" data-id=\"99c3f07\" data-element_type=\"column\">\n\t\t\t<div class=\"elementor-widget-wrap elementor-element-populated\">\n\t\t\t\t\t\t<div class=\"elementor-element elementor-element-71ca50b elementor-align-left elementor-widget elementor-widget-bdevs-faq\" data-id=\"71ca50b\" data-element_type=\"widget\" data-widget_type=\"bdevs-faq.default\">\n\t\t\t\t<div class=\"elementor-widget-container\">\n\t\t\t\t\t\t\t\t\t<section class=\"section-padding\">\r\n            <div class=\"container\">\r\n                <div class=\"row mb-5 animate-box\" data-animate-effect=\"fadeInUp\">\r\n                                        <div class=\"col-md-4\">\r\n                        <div class=\"sub-title border-bot-light\">FAQS<\/div>\r\n                    <\/div>\r\n                \t                    <div class=\"col-md-8\">\r\n                    \t                        <div class=\"section-title mb-5\">Preguntas <span>Frecuentes<\/span><\/div>\r\n                                                <ul class=\"accordion-box clearfix\">\r\n                        \t                            <li class=\"accordion block\">\r\n                                <div class=\"acc-btn\">\u00bfQu\u00e9 necesito para solicitar un presupuesto?<\/div>\r\n                                <div class=\"acc-content\">\r\n                                    <div class=\"content\">\r\n                                        <div class=\"text\">Solo necesitamos que nos env\u00edes: \nPlanos (PDF, DWG, RVT o IFC).\n\n| Modelo 3D (SKP, DWG, MAX, RVT O IFC).\n\n| Ubicaci\u00f3n del proyecto.\n\n| Fotograf\u00edas del entorno (si aplica).\n\n| Servicios que dese\u00e1s contratar. \n\nCon esa informaci\u00f3n te enviamos una propuesta clara y ajustada a tus necesidades.<\/div>\r\n                                    <\/div>\r\n                                <\/div>\r\n                            <\/li>\r\n                                                        <li class=\"accordion block\">\r\n                                <div class=\"acc-btn\">\u00bfC\u00f3mo es la modalidad de pago?<\/div>\r\n                                <div class=\"acc-content\">\r\n                                    <div class=\"content\">\r\n                                        <div class=\"text\">Ofrecemos dos opciones: \nOpci\u00f3n 1: 35% del valor total por adelantado para comenzar. El saldo restante se abona tras recibir las previsualizaciones.\n\n| Opci\u00f3n 2: Pago del 100% luego de enviar las previsualizaciones, previo a la entrega final de archivos.\n\nNos adaptamos a la opci\u00f3n que mejor se ajuste a tu flujo de trabajo.<\/div>\r\n                                    <\/div>\r\n                                <\/div>\r\n                            <\/li>\r\n                                                        <li class=\"accordion block\">\r\n                                <div class=\"acc-btn\">\u00bfC\u00f3mo es la facturaci\u00f3n?<\/div>\r\n                                <div class=\"acc-content\">\r\n                                    <div class=\"content\">\r\n                                        <div class=\"text\">Emitimos factura seg\u00fan el pa\u00eds de origen del cliente:\n Argentina: Factura tipo B con IVA del 21%.\n\n| Paraguay: IVA del 11%.\n\nTambi\u00e9n podemos operar sin factura, si as\u00ed lo prefiere el cliente.<\/div>\r\n                                    <\/div>\r\n                                <\/div>\r\n                            <\/li>\r\n                                                        <li class=\"accordion block\">\r\n                                <div class=\"acc-btn\">\u00bfQu\u00e9 formas de pago aceptan?<\/div>\r\n                                <div class=\"acc-content\">\r\n                                    <div class=\"content\">\r\n                                        <div class=\"text\">Pod\u00e9s abonar mediante:\n\n Transferencias nacionales (Argentina o Paraguay).\n\n| Transferencias internacionales.\n\n| Pagos online con PayPal o tarjeta de cr\u00e9dito.\n\nRecord\u00e1 que los pagos con PayPal o tarjeta tienen un recargo del 19%.<\/div>\r\n                                    <\/div>\r\n                                <\/div>\r\n                            <\/li>\r\n                                                        <li class=\"accordion block\">\r\n                                <div class=\"acc-btn\">\u00bfQu\u00e9 costos adicionales pueden aplicar?<\/div>\r\n                                <div class=\"acc-content\">\r\n                                    <div class=\"content\">\r\n                                        <div class=\"text\">Pagos online (PayPal\/tarjeta): +19% sobre el total.\n\n| Transferencias internacionales: +USD 50 fijos + 7% del monto total facturado.\n\nEstos valores cubren comisiones bancarias y procesamiento internacional. Siempre te los informamos antes de cerrar el presupuesto.<\/div>\r\n                                    <\/div>\r\n                                <\/div>\r\n                            <\/li>\r\n                                                    <\/ul>\r\n                    <\/div>\r\n                <\/div>\r\n            <\/div>\r\n        <\/section>\r\n        \t\t\t\t\t<\/div>\n\t\t\t\t<\/div>\n\t\t\t\t\t<\/div>\n\t\t<\/div>\n\t\t\t\t\t<\/div>\n\t\t<\/section>\n\t\t\t\t<section class=\"elementor-section elementor-top-section elementor-element elementor-element-8df491b elementor-section-full_width elementor-section-height-default elementor-section-height-default\" data-id=\"8df491b\" data-element_type=\"section\">\n\t\t\t\t\t\t<div class=\"elementor-container elementor-column-gap-no\">\n\t\t\t\t\t<div class=\"elementor-column elementor-col-100 elementor-top-column elementor-element elementor-element-115ca9a\" data-id=\"115ca9a\" data-element_type=\"column\">\n\t\t\t<div class=\"elementor-widget-wrap elementor-element-populated\">\n\t\t\t\t\t\t<div class=\"elementor-element elementor-element-dda3f7c elementor-align-left elementor-widget elementor-widget-bdevs-cta\" data-id=\"dda3f7c\" data-element_type=\"widget\" data-widget_type=\"bdevs-cta.default\">\n\t\t\t\t<div class=\"elementor-widget-container\">\n\t\t\t\t\t\t\t<section class=\"lets-talk\">\n\t        <div class=\"background bg-img bg-fixed section-padding\" data-background=\"https:\/\/innovarq.com.ar\/wp-content\/uploads\/2025\/08\/FAQs.webp\" data-overlay-dark=\"6\">\n\t            <div class=\"container\">\n\t                <div class=\"row\">\n\t                \t\t                    <div class=\"col-md-4 mb-30\">\n\t                        <div class=\"sub-title border-bot-dark\">Contactanos<\/div>\n\t                    <\/div>\n\t                \t\t                    <div class=\"col-md-8\">\n\t                    \t\t                        <div class=\"section-title\">Queremos ayudarte a visualizar tu pr\u00f3ximo proyecto<\/div>\n\t                        \t                        <p>Rellen\u00e1 el tus datos y nos comunicamos en menos de 24 horas.<\/p>\n\t                        \n<div class=\"wpcf7 no-js\" id=\"wpcf7-f8-o1\" lang=\"en-US\" dir=\"ltr\" data-wpcf7-id=\"8\">\n<div class=\"screen-reader-response\"><p role=\"status\" aria-live=\"polite\" aria-atomic=\"true\"><\/p> <ul><\/ul><\/div>\n<form action=\"\/en\/wp-json\/wp\/v2\/pages\/64#wpcf7-f8-o1\" method=\"post\" class=\"wpcf7-form init\" aria-label=\"Contact form\" novalidate=\"novalidate\" data-status=\"init\" data-trp-original-action=\"\/en\/wp-json\/wp\/v2\/pages\/64#wpcf7-f8-o1\">\n<fieldset class=\"hidden-fields-container\"><input type=\"hidden\" name=\"_wpcf7\" value=\"8\" \/><input type=\"hidden\" name=\"_wpcf7_version\" value=\"6.1\" \/><input type=\"hidden\" name=\"_wpcf7_locale\" value=\"en_US\" \/><input type=\"hidden\" name=\"_wpcf7_unit_tag\" value=\"wpcf7-f8-o1\" \/><input type=\"hidden\" name=\"_wpcf7_container_post\" value=\"0\" \/><input type=\"hidden\" name=\"_wpcf7_posted_data_hash\" value=\"\" \/>\n<\/fieldset>\n<div class=\"contact__form\">\n\t<div class=\"row\">\n\t\t<div class=\"col-md-6 form-group\">\n\t\t\t<p><span class=\"wpcf7-form-control-wrap\" data-name=\"your-name\"><input size=\"40\" maxlength=\"400\" class=\"wpcf7-form-control wpcf7-text wpcf7-validates-as-required line-gray\" aria-required=\"true\" aria-invalid=\"false\" placeholder=\"Nombre completo *\" value=\"\" type=\"text\" name=\"your-name\" \/><\/span>\n\t\t\t<\/p>\n\t\t<\/div>\n\t\t<div class=\"col-md-3 form-group\">\n\t\t\t<p><span class=\"wpcf7-form-control-wrap\" data-name=\"your-phone\"><input size=\"40\" maxlength=\"400\" class=\"wpcf7-form-control wpcf7-tel wpcf7-validates-as-required wpcf7-text wpcf7-validates-as-tel line-gray\" aria-required=\"true\" aria-invalid=\"false\" placeholder=\"Celular *\" value=\"\" type=\"tel\" name=\"your-phone\" \/><\/span>\n\t\t\t<\/p>\n\t\t<\/div>\n\t\t<div class=\"col-md-2\">\n\t\t\t<p><input class=\"wpcf7-form-control wpcf7-submit has-spinner line-gray\" type=\"submit\" value=\"Enviar\" \/>\n\t\t\t<\/p>\n\t\t<\/div>\n\t<\/div>\n\t<div class=\"row\">\n\t\t<div class=\"col-md-12 mt-3\">\n\t\t\t<p><span class=\"wpcf7-form-control-wrap\" data-name=\"privacy-policy\"><span class=\"wpcf7-form-control wpcf7-acceptance\"><span class=\"wpcf7-list-item\"><label><input type=\"checkbox\" name=\"privacy-policy\" value=\"1\" class=\"line-gray\" aria-invalid=\"false\" \/><span class=\"wpcf7-list-item-label\">I agree with the <a href=\"#0\" class=\"underline line-gray\">privacy policy<\/a><\/span><\/label><\/span><\/span><\/span>\n\t\t\t<\/p>\n\t\t<\/div>\n\t<\/div>\n<\/div><div class=\"wpcf7-response-output\" aria-hidden=\"true\"><\/div>\n<input type=\"hidden\" name=\"trp-form-language\" value=\"en\"\/><\/form>\n<\/div>\n\t                    <\/div>\n\t                <\/div>\n\t            <\/div>\n\t        <\/div>\n        <\/section>\n  \n\t\t\t\t\t<\/div>\n\t\t\t\t<\/div>\n\t\t\t\t\t<\/div>\n\t\t<\/div>\n\t\t\t\t\t<\/div>\n\t\t<\/section>\n\t\t\t\t<\/div>","protected":false},"excerpt":{"rendered":"<p>FAQS Preguntas Frecuentes \u00bfQu\u00e9 necesito para solicitar un presupuesto? Solo necesitamos que nos env\u00edes: Planos (PDF, DWG, RVT o IFC). | Modelo 3D (SKP, DWG, MAX, RVT O IFC). | Ubicaci\u00f3n del proyecto. | Fotograf\u00edas del entorno (si aplica). | Servicios que dese\u00e1s contratar. Con esa informaci\u00f3n te enviamos una propuesta clara y ajustada a [&hellip;]<\/p>","protected":false},"author":2,"featured_media":0,"parent":0,"menu_order":0,"comment_status":"closed","ping_status":"closed","template":"page-templates\/home-light.php","meta":{"_joinchat":[],"footnotes":""},"class_list":["post-64","page","type-page","status-publish","hentry"],"_links":{"self":[{"href":"https:\/\/innovarq.com.ar\/en\/wp-json\/wp\/v2\/pages\/64","targetHints":{"allow":["GET"]}}],"collection":[{"href":"https:\/\/innovarq.com.ar\/en\/wp-json\/wp\/v2\/pages"}],"about":[{"href":"https:\/\/innovarq.com.ar\/en\/wp-json\/wp\/v2\/types\/page"}],"author":[{"embeddable":true,"href":"https:\/\/innovarq.com.ar\/en\/wp-json\/wp\/v2\/users\/2"}],"replies":[{"embeddable":true,"href":"https:\/\/innovarq.com.ar\/en\/wp-json\/wp\/v2\/comments?post=64"}],"version-history":[{"count":27,"href":"https:\/\/innovarq.com.ar\/en\/wp-json\/wp\/v2\/pages\/64\/revisions"}],"predecessor-version":[{"id":2422,"href":"https:\/\/innovarq.com.ar\/en\/wp-json\/wp\/v2\/pages\/64\/revisions\/2422"}],"wp:attachment":[{"href":"https:\/\/innovarq.com.ar\/en\/wp-json\/wp\/v2\/media?parent=64"}],"curies":[{"name":"wp","href":"https:\/\/api.w.org\/{rel}","templated":true}]}}