{"id":66,"date":"2022-12-21T04:16:37","date_gmt":"2022-12-21T04:16:37","guid":{"rendered":"https:\/\/shtheme.com\/demosd\/archsan\/?page_id=66"},"modified":"2025-08-05T18:36:24","modified_gmt":"2025-08-05T18:36:24","slug":"process-light","status":"publish","type":"page","link":"https:\/\/innovarq.com.ar\/en\/process-light\/","title":{"rendered":"Process Light"},"content":{"rendered":"<div data-elementor-type=\"wp-page\" data-elementor-id=\"66\" class=\"elementor elementor-66\">\n\t\t\t\t\t\t<section class=\"elementor-section elementor-top-section elementor-element elementor-element-f1bad48 elementor-section-full_width elementor-section-height-default elementor-section-height-default\" data-id=\"f1bad48\" data-element_type=\"section\">\n\t\t\t\t\t\t<div class=\"elementor-container elementor-column-gap-no\">\n\t\t\t\t\t<div class=\"elementor-column elementor-col-100 elementor-top-column elementor-element elementor-element-f8af84f\" data-id=\"f8af84f\" data-element_type=\"column\">\n\t\t\t<div class=\"elementor-widget-wrap elementor-element-populated\">\n\t\t\t\t\t\t<div class=\"elementor-element elementor-element-daee11a elementor-align-left elementor-widget elementor-widget-bdevs-process\" data-id=\"daee11a\" data-element_type=\"widget\" data-widget_type=\"bdevs-process.default\">\n\t\t\t\t<div class=\"elementor-widget-container\">\n\t\t\t\t\t\t\t<section class=\"process section-padding\">\r\n            <div class=\"container\">\r\n                <div class=\"row mb-4\">\r\n                \t                    <div class=\"col-md-4 animate-box\" data-animate-effect=\"fadeInUp\">\r\n                        <div class=\"sub-title border-bot-light\">Workflow<\/div>\r\n                    <\/div>\r\n                \t                                        <div class=\"col-md-8 animate-box\" data-animate-effect=\"fadeInUp\">\r\n                        <div class=\"section-title\"><span>C\u00f3mo<\/span> Trabajamos<\/div>\r\n                    <\/div>\r\n                                    <\/div>\r\n                \t\t\t\t                <div class=\"row\">\r\n                    <div class=\"col-md-6 animate-box\" data-animate-effect=\"fadeInLeft\">\r\n                        <div class=\"img\">\r\n                            <img decoding=\"async\" src=\"https:\/\/innovarq.com.ar\/wp-content\/uploads\/2025\/08\/Workflow_1.webp\" alt=\"\">\r\n                        <\/div>\r\n                    <\/div>\r\n                    <div class=\"col-md-6 valign animate-box\" data-animate-effect=\"fadeInRight\">\r\n                        <div class=\"wrap\">\r\n                            <div class=\"number\">\r\n                                <h1>01<\/h1>\r\n                            <\/div>\r\n                            <div class=\"cont\">\r\n                                <h3>Evaluaci\u00f3n y presupuesto<\/h3>\r\n                                <p>Recibimos los planos 2D + 3D, ubicaci\u00f3n y referencias del entorno. Con esa informaci\u00f3n elaboramos una propuesta clara y adaptada al proyecto.<\/p>\r\n                            <\/div>\r\n                        <\/div>\r\n                    <\/div>\r\n                <\/div>\r\n            \t           \t \t\t\t\t\t                <div class=\"row\">\r\n                    <div class=\"col-md-6 order2 valign animate-box\" data-animate-effect=\"fadeInLeft\">\r\n                        <div class=\"wrap\">\r\n                            <div class=\"number\">\r\n                                <h1>02<\/h1>\r\n                            <\/div>\r\n                            <div class=\"cont\">\r\n                                <h3>Modelado 3D profesional<\/h3>\r\n                                <p>Modelamos desde planos, incluyendo detalles constructivos, mobiliario e iluminaci\u00f3n. Precisi\u00f3n y limpieza t\u00e9cnica para un resultado realista.<\/p>\r\n                            <\/div>\r\n                        <\/div>\r\n                    <\/div>\r\n                    <div class=\"col-md-6 order1 animate-box\" data-animate-effect=\"fadeInRight\">\r\n                        <div class=\"img\">\r\n                            <img decoding=\"async\" src=\"https:\/\/innovarq.com.ar\/wp-content\/uploads\/2025\/08\/Workflow_2.webp\" alt=\"\">\r\n                        <\/div>\r\n                    <\/div>\r\n                <\/div>\r\n            \t           \t \t\t\t\t\t                <div class=\"row\">\r\n                    <div class=\"col-md-6 animate-box\" data-animate-effect=\"fadeInLeft\">\r\n                        <div class=\"img\">\r\n                            <img decoding=\"async\" src=\"https:\/\/innovarq.com.ar\/wp-content\/uploads\/2025\/08\/Workflow_3.webp\" alt=\"\">\r\n                        <\/div>\r\n                    <\/div>\r\n                    <div class=\"col-md-6 valign animate-box\" data-animate-effect=\"fadeInRight\">\r\n                        <div class=\"wrap\">\r\n                            <div class=\"number\">\r\n                                <h1>03<\/h1>\r\n                            <\/div>\r\n                            <div class=\"cont\">\r\n                                <h3>Revisi\u00f3n y validaci\u00f3n<\/h3>\r\n                                <p>Enviamos im\u00e1genes preliminares para revisar iluminaci\u00f3n, materiales y ambientaci\u00f3n. Tras aplicar los ajustes solicitados, compartimos una versi\u00f3n final en baja resoluci\u00f3n para su validaci\u00f3n antes de la entrega definitiva.<\/p>\r\n                            <\/div>\r\n                        <\/div>\r\n                    <\/div>\r\n                <\/div>\r\n            \t           \t \t\t\t\t\t                <div class=\"row\">\r\n                    <div class=\"col-md-6 order2 valign animate-box\" data-animate-effect=\"fadeInLeft\">\r\n                        <div class=\"wrap\">\r\n                            <div class=\"number\">\r\n                                <h1>04<\/h1>\r\n                            <\/div>\r\n                            <div class=\"cont\">\r\n                                <h3>Entrega final<\/h3>\r\n                                <p>Entregamos las im\u00e1genes en alta resoluci\u00f3n, en los formatos pactados. Calidad profesional, lista para comunicar tu proyecto.<\/p>\r\n                            <\/div>\r\n                        <\/div>\r\n                    <\/div>\r\n                    <div class=\"col-md-6 order1 animate-box\" data-animate-effect=\"fadeInRight\">\r\n                        <div class=\"img\">\r\n                            <img decoding=\"async\" src=\"https:\/\/innovarq.com.ar\/wp-content\/uploads\/2025\/08\/Workflow_4.webp\" alt=\"\">\r\n                        <\/div>\r\n                    <\/div>\r\n                <\/div>\r\n            \t           \t \t            <\/div>\r\n        <\/section>\r\n\t\t\t\t\t<\/div>\n\t\t\t\t<\/div>\n\t\t\t\t\t<\/div>\n\t\t<\/div>\n\t\t\t\t\t<\/div>\n\t\t<\/section>\n\t\t\t\t<section class=\"elementor-section elementor-top-section elementor-element elementor-element-6a4cd32 elementor-section-full_width elementor-section-height-default elementor-section-height-default\" data-id=\"6a4cd32\" data-element_type=\"section\">\n\t\t\t\t\t\t<div class=\"elementor-container elementor-column-gap-no\">\n\t\t\t\t\t<div class=\"elementor-column elementor-col-100 elementor-top-column elementor-element elementor-element-1b3c94c\" data-id=\"1b3c94c\" data-element_type=\"column\">\n\t\t\t<div class=\"elementor-widget-wrap elementor-element-populated\">\n\t\t\t\t\t\t<div class=\"elementor-element elementor-element-dc54b86 elementor-align-left elementor-widget elementor-widget-bdevs-cta\" data-id=\"dc54b86\" data-element_type=\"widget\" data-widget_type=\"bdevs-cta.default\">\n\t\t\t\t<div class=\"elementor-widget-container\">\n\t\t\t\t\t\t\t<section class=\"lets-talk\">\n\t        <div class=\"background bg-img bg-fixed section-padding\" data-background=\"https:\/\/innovarq.com.ar\/wp-content\/uploads\/2025\/08\/Workflow_5.webp\" data-overlay-dark=\"6\">\n\t            <div class=\"container\">\n\t                <div class=\"row\">\n\t                \t\t                    <div class=\"col-md-4 mb-30\">\n\t                        <div class=\"sub-title border-bot-dark\">Contactanos<\/div>\n\t                    <\/div>\n\t                \t\t                    <div class=\"col-md-8\">\n\t                    \t\t                        <div class=\"section-title\">Queremos ayudarte a visualizar tu pr\u00f3ximo proyecto<\/div>\n\t                        \t                        <p>Rellen\u00e1 el tus datos y nos comunicamos en menos de 24 horas.<\/p>\n\t                        \n<div class=\"wpcf7 no-js\" id=\"wpcf7-f8-o1\" lang=\"en-US\" dir=\"ltr\" data-wpcf7-id=\"8\">\n<div class=\"screen-reader-response\"><p role=\"status\" aria-live=\"polite\" aria-atomic=\"true\"><\/p> <ul><\/ul><\/div>\n<form action=\"\/en\/wp-json\/wp\/v2\/pages\/66#wpcf7-f8-o1\" method=\"post\" class=\"wpcf7-form init\" aria-label=\"Contact form\" novalidate=\"novalidate\" data-status=\"init\" data-trp-original-action=\"\/en\/wp-json\/wp\/v2\/pages\/66#wpcf7-f8-o1\">\n<fieldset class=\"hidden-fields-container\"><input type=\"hidden\" name=\"_wpcf7\" value=\"8\" \/><input type=\"hidden\" name=\"_wpcf7_version\" value=\"6.1\" \/><input type=\"hidden\" name=\"_wpcf7_locale\" value=\"en_US\" \/><input type=\"hidden\" name=\"_wpcf7_unit_tag\" value=\"wpcf7-f8-o1\" \/><input type=\"hidden\" name=\"_wpcf7_container_post\" value=\"0\" \/><input type=\"hidden\" name=\"_wpcf7_posted_data_hash\" value=\"\" \/>\n<\/fieldset>\n<div class=\"contact__form\">\n\t<div class=\"row\">\n\t\t<div class=\"col-md-6 form-group\">\n\t\t\t<p><span class=\"wpcf7-form-control-wrap\" data-name=\"your-name\"><input size=\"40\" maxlength=\"400\" class=\"wpcf7-form-control wpcf7-text wpcf7-validates-as-required line-gray\" aria-required=\"true\" aria-invalid=\"false\" placeholder=\"Nombre completo *\" value=\"\" type=\"text\" name=\"your-name\" \/><\/span>\n\t\t\t<\/p>\n\t\t<\/div>\n\t\t<div class=\"col-md-3 form-group\">\n\t\t\t<p><span class=\"wpcf7-form-control-wrap\" data-name=\"your-phone\"><input size=\"40\" maxlength=\"400\" class=\"wpcf7-form-control wpcf7-tel wpcf7-validates-as-required wpcf7-text wpcf7-validates-as-tel line-gray\" aria-required=\"true\" aria-invalid=\"false\" placeholder=\"Celular *\" value=\"\" type=\"tel\" name=\"your-phone\" \/><\/span>\n\t\t\t<\/p>\n\t\t<\/div>\n\t\t<div class=\"col-md-2\">\n\t\t\t<p><input class=\"wpcf7-form-control wpcf7-submit has-spinner line-gray\" type=\"submit\" value=\"Enviar\" \/>\n\t\t\t<\/p>\n\t\t<\/div>\n\t<\/div>\n\t<div class=\"row\">\n\t\t<div class=\"col-md-12 mt-3\">\n\t\t\t<p><span class=\"wpcf7-form-control-wrap\" data-name=\"privacy-policy\"><span class=\"wpcf7-form-control wpcf7-acceptance\"><span class=\"wpcf7-list-item\"><label><input type=\"checkbox\" name=\"privacy-policy\" value=\"1\" class=\"line-gray\" aria-invalid=\"false\" \/><span class=\"wpcf7-list-item-label\">I agree with the <a href=\"#0\" class=\"underline line-gray\">privacy policy<\/a><\/span><\/label><\/span><\/span><\/span>\n\t\t\t<\/p>\n\t\t<\/div>\n\t<\/div>\n<\/div><div class=\"wpcf7-response-output\" aria-hidden=\"true\"><\/div>\n<input type=\"hidden\" name=\"trp-form-language\" value=\"en\"\/><\/form>\n<\/div>\n\t                    <\/div>\n\t                <\/div>\n\t            <\/div>\n\t        <\/div>\n        <\/section>\n  \n\t\t\t\t\t<\/div>\n\t\t\t\t<\/div>\n\t\t\t\t\t<\/div>\n\t\t<\/div>\n\t\t\t\t\t<\/div>\n\t\t<\/section>\n\t\t\t\t<\/div>","protected":false},"excerpt":{"rendered":"<p>Workflow C\u00f3mo Trabajamos 01 Evaluaci\u00f3n y presupuesto Recibimos los planos 2D + 3D, ubicaci\u00f3n y referencias del entorno. Con esa informaci\u00f3n elaboramos una propuesta clara y adaptada al proyecto. 02 Modelado 3D profesional Modelamos desde planos, incluyendo detalles constructivos, mobiliario e iluminaci\u00f3n. Precisi\u00f3n y limpieza t\u00e9cnica para un resultado realista. 03 Revisi\u00f3n y validaci\u00f3n Enviamos [&hellip;]<\/p>","protected":false},"author":2,"featured_media":0,"parent":0,"menu_order":0,"comment_status":"closed","ping_status":"closed","template":"page-templates\/home-light.php","meta":{"_joinchat":[],"footnotes":""},"class_list":["post-66","page","type-page","status-publish","hentry"],"_links":{"self":[{"href":"https:\/\/innovarq.com.ar\/en\/wp-json\/wp\/v2\/pages\/66","targetHints":{"allow":["GET"]}}],"collection":[{"href":"https:\/\/innovarq.com.ar\/en\/wp-json\/wp\/v2\/pages"}],"about":[{"href":"https:\/\/innovarq.com.ar\/en\/wp-json\/wp\/v2\/types\/page"}],"author":[{"embeddable":true,"href":"https:\/\/innovarq.com.ar\/en\/wp-json\/wp\/v2\/users\/2"}],"replies":[{"embeddable":true,"href":"https:\/\/innovarq.com.ar\/en\/wp-json\/wp\/v2\/comments?post=66"}],"version-history":[{"count":10,"href":"https:\/\/innovarq.com.ar\/en\/wp-json\/wp\/v2\/pages\/66\/revisions"}],"predecessor-version":[{"id":2392,"href":"https:\/\/innovarq.com.ar\/en\/wp-json\/wp\/v2\/pages\/66\/revisions\/2392"}],"wp:attachment":[{"href":"https:\/\/innovarq.com.ar\/en\/wp-json\/wp\/v2\/media?parent=66"}],"curies":[{"name":"wp","href":"https:\/\/api.w.org\/{rel}","templated":true}]}}